{"id":100,"date":"2021-05-30T11:12:32","date_gmt":"2021-05-30T09:12:32","guid":{"rendered":"http:\/\/92.204.51.24\/b738\/?page_id=100"},"modified":"2026-04-27T17:26:08","modified_gmt":"2026-04-27T15:26:08","slug":"ueber-uns","status":"publish","type":"page","link":"https:\/\/www.b738-sct.de\/en\/ueber-uns\/","title":{"rendered":"about us"},"content":{"rendered":"<div data-elementor-type=\"wp-page\" data-elementor-id=\"100\" class=\"elementor elementor-100\" data-elementor-post-type=\"page\">\n\t\t\t\t\t\t<section class=\"elementor-section elementor-top-section elementor-element elementor-element-e014aa8 elementor-section-boxed elementor-section-height-default elementor-section-height-default\" data-id=\"e014aa8\" data-element_type=\"section\" data-e-type=\"section\">\n\t\t\t\t\t\t<div class=\"elementor-container elementor-column-gap-default\">\n\t\t\t\t\t<div class=\"elementor-column elementor-col-100 elementor-top-column elementor-element elementor-element-d4cefb9\" data-id=\"d4cefb9\" data-element_type=\"column\" data-e-type=\"column\">\n\t\t\t<div class=\"elementor-widget-wrap elementor-element-populated\">\n\t\t\t\t\t\t<div class=\"elementor-element elementor-element-8884536 elementor-widget elementor-widget-heading\" data-id=\"8884536\" data-element_type=\"widget\" data-e-type=\"widget\" data-widget_type=\"heading.default\">\n\t\t\t\t<div class=\"elementor-widget-container\">\n\t\t\t\t\t<h1 class=\"elementor-heading-title elementor-size-default\">Who we are?<\/h1>\t\t\t\t<\/div>\n\t\t\t\t<\/div>\n\t\t\t\t\t<\/div>\n\t\t<\/div>\n\t\t\t\t\t<\/div>\n\t\t<\/section>\n\t\t\t\t<section class=\"elementor-section elementor-top-section elementor-element elementor-element-79d3e14 elementor-section-boxed elementor-section-height-default elementor-section-height-default\" data-id=\"79d3e14\" data-element_type=\"section\" data-e-type=\"section\">\n\t\t\t\t\t\t<div class=\"elementor-container elementor-column-gap-default\">\n\t\t\t\t\t<div class=\"elementor-column elementor-col-100 elementor-top-column elementor-element elementor-element-879453f\" data-id=\"879453f\" data-element_type=\"column\" data-e-type=\"column\">\n\t\t\t<div class=\"elementor-widget-wrap elementor-element-populated\">\n\t\t\t\t\t\t<div class=\"elementor-element elementor-element-7bf49d3 elementor-widget elementor-widget-text-editor\" data-id=\"7bf49d3\" data-element_type=\"widget\" data-e-type=\"widget\" data-widget_type=\"text-editor.default\">\n\t\t\t\t<div class=\"elementor-widget-container\">\n\t\t\t\t\t\t\t\t\t<p style=\"font-variant-ligatures: normal; font-variant-caps: normal; font-family: Roboto, sans-serif; font-size: 18px; font-style: normal; font-weight: 400;\">Wer glaubt, dass der Bau eines echten zweitsitzigen Home-Cockpits schon das Ende des &#8222;Wahnsinns&#8220; darstellt, ist schlecht informiert.<\/p><p style=\"font-variant-ligatures: normal; font-variant-caps: normal; font-family: Roboto, sans-serif; font-size: 18px; font-style: normal; font-weight: 400;\">Wir treiben &#8222;den Wahnsinn&#8220; noch weiter und m\u00f6chten bei der Flugsimulation in unseren Cockpits der realen Verkehrsfliegerei so nahe wie m\u00f6glich kommen.\u00a0<\/p><p style=\"font-variant-ligatures: normal; font-variant-caps: normal; font-family: Roboto, sans-serif; font-size: 18px; font-style: normal; font-weight: 400;\">Neben Spa\u00df und Freude an der Simulationstechnik, dem Bau unserer Cockpits und dem L\u00f6sen der dabei permanent entstehenden neuen Herausforderungen, stehen bei unseren gemeinsamen Fl\u00fcgen und Trainings das Einhalten von realistischen Verfahren und die Zusammenarbeit im Cockpit im Vordergrund.<\/p><p style=\"font-variant-ligatures: normal; font-variant-caps: normal; font-family: Roboto, sans-serif; font-size: 18px; font-style: normal; font-weight: 400;\">Dazu arbeiten wir als Crew mit unserer eigenen Dokumentation, die sich an den realistischen Verfahren orientiert, inklusive Standard Operating Procedures (SOP), unserem eigenen Quick Reference Handbook (QRH) und einer umfangreichen Dokumentation von Trainingsverfahren.<\/p>\t\t\t\t\t\t\t\t<\/div>\n\t\t\t\t<\/div>\n\t\t\t\t\t<\/div>\n\t\t<\/div>\n\t\t\t\t\t<\/div>\n\t\t<\/section>\n\t\t\t\t<section class=\"elementor-section elementor-top-section elementor-element elementor-element-48f13ad elementor-section-boxed elementor-section-height-default elementor-section-height-default\" data-id=\"48f13ad\" data-element_type=\"section\" data-e-type=\"section\">\n\t\t\t\t\t\t<div class=\"elementor-container elementor-column-gap-default\">\n\t\t\t\t\t<div class=\"elementor-column elementor-col-100 elementor-top-column elementor-element elementor-element-c9da263\" data-id=\"c9da263\" data-element_type=\"column\" data-e-type=\"column\">\n\t\t\t<div class=\"elementor-widget-wrap elementor-element-populated\">\n\t\t\t\t\t\t<div class=\"elementor-element elementor-element-c9790c2 elementor-testimonial--skin-default elementor-testimonial--layout-image_inline elementor-testimonial--align-center elementor-arrows-yes elementor-pagination-type-bullets elementor-widget elementor-widget-testimonial-carousel\" data-id=\"c9790c2\" data-element_type=\"widget\" data-e-type=\"widget\" data-settings=\"{&quot;space_between&quot;:{&quot;unit&quot;:&quot;px&quot;,&quot;size&quot;:3,&quot;sizes&quot;:[]},&quot;show_arrows&quot;:&quot;yes&quot;,&quot;pagination&quot;:&quot;bullets&quot;,&quot;speed&quot;:500,&quot;autoplay&quot;:&quot;yes&quot;,&quot;autoplay_speed&quot;:5000,&quot;loop&quot;:&quot;yes&quot;,&quot;pause_on_hover&quot;:&quot;yes&quot;,&quot;pause_on_interaction&quot;:&quot;yes&quot;,&quot;space_between_tablet&quot;:{&quot;unit&quot;:&quot;px&quot;,&quot;size&quot;:10,&quot;sizes&quot;:[]},&quot;space_between_mobile&quot;:{&quot;unit&quot;:&quot;px&quot;,&quot;size&quot;:10,&quot;sizes&quot;:[]}}\" data-widget_type=\"testimonial-carousel.default\">\n\t\t\t\t<div class=\"elementor-widget-container\">\n\t\t\t\t\t\t\t\t\t<div class=\"elementor-swiper\">\n\t\t\t\t\t<div class=\"elementor-main-swiper swiper\" role=\"region\" aria-roledescription=\"carousel\" aria-label=\"Slider\">\n\t\t\t\t<div class=\"swiper-wrapper\">\n\t\t\t\t\t\t\t\t\t\t\t<div class=\"swiper-slide\" role=\"group\" aria-roledescription=\"slide\">\n\t\t\t\t\t\t\t\t\t<div class=\"elementor-testimonial\">\n\t\t\t\t\t\t\t<div class=\"elementor-testimonial__content\">\n\t\t\t\t\t<div class=\"elementor-testimonial__text\">\n\t\t\t\t\t\tUnser einziger echter und noch sehr aktiver Pilot auf Airbus, zust\u00e4ndig f\u00fcr Training & Dokumentation\t\t\t\t\t<\/div>\n\t\t\t\t\t\t\t\t\t<\/div>\n\t\t\t\t\t\t<div class=\"elementor-testimonial__footer\">\n\t\t\t\t\t\t\t\t\t<div class=\"elementor-testimonial__image\">\n\t\t\t\t\t\t<img decoding=\"async\" src=\"https:\/\/www.b738-sct.de\/wp-content\/uploads\/2021\/06\/IMG_1747neu-e1624899387425.jpg\" alt=\"Brian\">\n\t\t\t\t\t\t\t\t\t\t\t<\/div>\n\t\t\t\t\t\t\t\t<cite class=\"elementor-testimonial__cite\"><span class=\"elementor-testimonial__name\">Brian<\/span><span class=\"elementor-testimonial__title\">Pilot (SFI\/E)<\/span><\/cite>\t\t\t<\/div>\n\t\t<\/div>\n\t\t\t\t\t\t\t\t<\/div>\n\t\t\t\t\t\t\t\t\t\t\t<div class=\"swiper-slide\" role=\"group\" aria-roledescription=\"slide\">\n\t\t\t\t\t\t\t\t\t<div class=\"elementor-testimonial\">\n\t\t\t\t\t\t\t<div class=\"elementor-testimonial__content\">\n\t\t\t\t\t<div class=\"elementor-testimonial__text\">\n\t\t\t\t\t\tWeb-Design, IT und Netzwerkfachmann\t\t\t\t\t<\/div>\n\t\t\t\t\t\t\t\t\t<\/div>\n\t\t\t\t\t\t<div class=\"elementor-testimonial__footer\">\n\t\t\t\t\t\t\t\t\t<div class=\"elementor-testimonial__image\">\n\t\t\t\t\t\t<img decoding=\"async\" src=\"https:\/\/www.b738-sct.de\/wp-content\/uploads\/2021\/06\/6483d1e4-1364-47e0-8d45-d0c7cd144919-e1624899738257.jpg\" alt=\"Oliver\">\n\t\t\t\t\t\t\t\t\t\t\t<\/div>\n\t\t\t\t\t\t\t\t<cite class=\"elementor-testimonial__cite\"><span class=\"elementor-testimonial__name\">Oliver<\/span><span class=\"elementor-testimonial__title\">IT-Netzwerktechniker<\/span><\/cite>\t\t\t<\/div>\n\t\t<\/div>\n\t\t\t\t\t\t\t\t<\/div>\n\t\t\t\t\t\t\t\t\t\t\t<div class=\"swiper-slide\" role=\"group\" aria-roledescription=\"slide\">\n\t\t\t\t\t\t\t\t\t<div class=\"elementor-testimonial\">\n\t\t\t\t\t\t\t<div class=\"elementor-testimonial__content\">\n\t\t\t\t\t<div class=\"elementor-testimonial__text\">\n\t\t\t\t\t\tInzwischen im wohlverdienten Ruhestand und seit Anfang an mit von der Partie\t\t\t\t\t<\/div>\n\t\t\t\t\t\t\t\t\t<\/div>\n\t\t\t\t\t\t<div class=\"elementor-testimonial__footer\">\n\t\t\t\t\t\t\t\t\t<div class=\"elementor-testimonial__image\">\n\t\t\t\t\t\t<img decoding=\"async\" src=\"https:\/\/www.b738-sct.de\/wp-content\/uploads\/2021\/06\/IMG_07961-e1623534283378.jpg\" alt=\"Klaus\">\n\t\t\t\t\t\t\t\t\t\t\t<\/div>\n\t\t\t\t\t\t\t\t<cite class=\"elementor-testimonial__cite\"><span class=\"elementor-testimonial__name\">Klaus<\/span><span class=\"elementor-testimonial__title\">Dipl. Ing.<\/span><\/cite>\t\t\t<\/div>\n\t\t<\/div>\n\t\t\t\t\t\t\t\t<\/div>\n\t\t\t\t\t\t\t\t\t\t\t<div class=\"swiper-slide\" role=\"group\" aria-roledescription=\"slide\">\n\t\t\t\t\t\t\t\t\t<div class=\"elementor-testimonial\">\n\t\t\t\t\t\t\t<div class=\"elementor-testimonial__content\">\n\t\t\t\t\t<div class=\"elementor-testimonial__text\">\n\t\t\t\t\t\tUnser Konstrukteur, Tischler, Fr\u00e4s- und Laserexperte, der an einem massiven \"Aktiv Control Loading\" arbeitet und sein Cockpit selber mit der CNC-Fr\u00e4se gebaut hat\t\t\t\t\t<\/div>\n\t\t\t\t\t\t\t\t\t<\/div>\n\t\t\t\t\t\t<div class=\"elementor-testimonial__footer\">\n\t\t\t\t\t\t\t\t\t<div class=\"elementor-testimonial__image\">\n\t\t\t\t\t\t<img decoding=\"async\" src=\"https:\/\/www.b738-sct.de\/wp-content\/uploads\/2021\/06\/IMG_0480-scaled.jpg\" alt=\"Dennis\">\n\t\t\t\t\t\t\t\t\t\t\t<\/div>\n\t\t\t\t\t\t\t\t<cite class=\"elementor-testimonial__cite\"><span class=\"elementor-testimonial__name\">Dennis<\/span><span class=\"elementor-testimonial__title\">Tischler<\/span><\/cite>\t\t\t<\/div>\n\t\t<\/div>\n\t\t\t\t\t\t\t\t<\/div>\n\t\t\t\t\t\t\t\t\t\t\t<div class=\"swiper-slide\" role=\"group\" aria-roledescription=\"slide\">\n\t\t\t\t\t\t\t\t\t<div class=\"elementor-testimonial\">\n\t\t\t\t\t\t\t<div class=\"elementor-testimonial__content\">\n\t\t\t\t\t<div class=\"elementor-testimonial__text\">\n\t\t\t\t\t\tUnser Urgestein im Ruhestand, bei ihm zu Hause hat alles angefangen.\t\t\t\t\t<\/div>\n\t\t\t\t\t\t\t\t\t<\/div>\n\t\t\t\t\t\t<div class=\"elementor-testimonial__footer\">\n\t\t\t\t\t\t\t\t\t<div class=\"elementor-testimonial__image\">\n\t\t\t\t\t\t<img decoding=\"async\" src=\"https:\/\/www.b738-sct.de\/wp-content\/uploads\/2021\/06\/7f856073-4234-4c82-8825-6dc684955c55.jpg\" alt=\"Wolfgang\">\n\t\t\t\t\t\t\t\t\t\t\t<\/div>\n\t\t\t\t\t\t\t\t<cite class=\"elementor-testimonial__cite\"><span class=\"elementor-testimonial__name\">Wolfgang<\/span><span class=\"elementor-testimonial__title\">Dipl.-Ing.<\/span><\/cite>\t\t\t<\/div>\n\t\t<\/div>\n\t\t\t\t\t\t\t\t<\/div>\n\t\t\t\t\t\t\t\t\t\t\t<div class=\"swiper-slide\" role=\"group\" aria-roledescription=\"slide\">\n\t\t\t\t\t\t\t\t\t<div class=\"elementor-testimonial\">\n\t\t\t\t\t\t\t<div class=\"elementor-testimonial__content\">\n\t\t\t\t\t<div class=\"elementor-testimonial__text\">\n\t\t\t\t\t\tK\u00fcmmert sich so um unsere rechtlichen Dinge und ist Englisch-Spezialist.\t\t\t\t\t<\/div>\n\t\t\t\t\t\t\t\t\t<\/div>\n\t\t\t\t\t\t<div class=\"elementor-testimonial__footer\">\n\t\t\t\t\t\t\t\t\t<div class=\"elementor-testimonial__image\">\n\t\t\t\t\t\t<img decoding=\"async\" src=\"https:\/\/www.b738-sct.de\/wp-content\/uploads\/2021\/06\/IMG_1614-rotated.jpg\" alt=\"Andreas\">\n\t\t\t\t\t\t\t\t\t\t\t<\/div>\n\t\t\t\t\t\t\t\t<cite class=\"elementor-testimonial__cite\"><span class=\"elementor-testimonial__name\">Andreas<\/span><span class=\"elementor-testimonial__title\">Dipl.-Ing. <\/span><\/cite>\t\t\t<\/div>\n\t\t<\/div>\n\t\t\t\t\t\t\t\t<\/div>\n\t\t\t\t\t\t\t\t\t\t\t<div class=\"swiper-slide\" role=\"group\" aria-roledescription=\"slide\">\n\t\t\t\t\t\t\t\t\t<div class=\"elementor-testimonial\">\n\t\t\t\t\t\t\t<div class=\"elementor-testimonial__content\">\n\t\t\t\t\t<div class=\"elementor-testimonial__text\">\n\t\t\t\t\t\tProduktentwicker in der Telekommuniations-Branche und neben Oliver Computer-Experte. Stellvertretender Trainingsqu\u00e4lgeist, wenn Brian nicht kann.\t\t\t\t\t<\/div>\n\t\t\t\t\t\t\t\t\t<\/div>\n\t\t\t\t\t\t<div class=\"elementor-testimonial__footer\">\n\t\t\t\t\t\t\t\t\t<div class=\"elementor-testimonial__image\">\n\t\t\t\t\t\t<img decoding=\"async\" src=\"https:\/\/www.b738-sct.de\/wp-content\/uploads\/2026\/04\/file_0000000016dc722fab6eec2732a85c6b.png\" alt=\"Frank\">\n\t\t\t\t\t\t\t\t\t\t\t<\/div>\n\t\t\t\t\t\t\t\t<cite class=\"elementor-testimonial__cite\"><span class=\"elementor-testimonial__name\">Frank<\/span><span class=\"elementor-testimonial__title\">Dipl.-Inform. (SFI)<\/span><\/cite>\t\t\t<\/div>\n\t\t<\/div>\n\t\t\t\t\t\t\t\t<\/div>\n\t\t\t\t\t\t\t\t\t<\/div>\n\t\t\t\t\t\t\t\t\t\t\t\t\t\t\t<div class=\"elementor-swiper-button elementor-swiper-button-prev\" role=\"button\" tabindex=\"0\" aria-label=\"Voriger\">\n\t\t\t\t\t\t\t<i aria-hidden=\"true\" class=\"eicon-chevron-left\"><\/i>\t\t\t\t\t\t<\/div>\n\t\t\t\t\t\t<div class=\"elementor-swiper-button elementor-swiper-button-next\" role=\"button\" tabindex=\"0\" aria-label=\"N\u00e4chster\">\n\t\t\t\t\t\t\t<i aria-hidden=\"true\" class=\"eicon-chevron-right\"><\/i>\t\t\t\t\t\t<\/div>\n\t\t\t\t\t\t\t\t\t\t\t\t\t\t\t\t<div class=\"swiper-pagination\"><\/div>\n\t\t\t\t\t\t\t\t\t\t\t\t<\/div>\n\t\t\t\t<\/div>\n\t\t\t\t\t\t\t\t<\/div>\n\t\t\t\t<\/div>\n\t\t\t\t\t<\/div>\n\t\t<\/div>\n\t\t\t\t\t<\/div>\n\t\t<\/section>\n\t\t\t\t<\/div>","protected":false},"excerpt":{"rendered":"<p>Wer sind wir? Wer glaubt, dass der Bau eines echten zweitsitzigen Home-Cockpits schon das Ende des &#8222;Wahnsinns&#8220; darstellt, ist schlecht informiert. Wir treiben &#8222;den Wahnsinn&#8220; noch weiter und m\u00f6chten bei der Flugsimulation in unseren Cockpits der realen Verkehrsfliegerei so nahe wie m\u00f6glich kommen.\u00a0 Neben Spa\u00df und Freude an der Simulationstechnik, dem Bau unserer Cockpits und [&hellip;]<\/p>\n","protected":false},"author":1,"featured_media":0,"parent":0,"menu_order":0,"comment_status":"closed","ping_status":"closed","template":"","meta":{"ocean_post_layout":"full-screen","ocean_both_sidebars_style":"","ocean_both_sidebars_content_width":0,"ocean_both_sidebars_sidebars_width":0,"ocean_sidebar":"0","ocean_second_sidebar":"0","ocean_disable_margins":"enable","ocean_add_body_class":"","ocean_shortcode_before_top_bar":"","ocean_shortcode_after_top_bar":"","ocean_shortcode_before_header":"","ocean_shortcode_after_header":"","ocean_has_shortcode":"","ocean_shortcode_after_title":"","ocean_shortcode_before_footer_widgets":"","ocean_shortcode_after_footer_widgets":"","ocean_shortcode_before_footer_bottom":"","ocean_shortcode_after_footer_bottom":"","ocean_display_top_bar":"default","ocean_display_header":"default","ocean_header_style":"","ocean_center_header_left_menu":"0","ocean_custom_header_template":"0","ocean_custom_logo":0,"ocean_custom_retina_logo":0,"ocean_custom_logo_max_width":0,"ocean_custom_logo_tablet_max_width":0,"ocean_custom_logo_mobile_max_width":0,"ocean_custom_logo_max_height":0,"ocean_custom_logo_tablet_max_height":0,"ocean_custom_logo_mobile_max_height":0,"ocean_header_custom_menu":"0","ocean_menu_typo_font_family":"0","ocean_menu_typo_font_subset":"","ocean_menu_typo_font_size":0,"ocean_menu_typo_font_size_tablet":0,"ocean_menu_typo_font_size_mobile":0,"ocean_menu_typo_font_size_unit":"px","ocean_menu_typo_font_weight":"","ocean_menu_typo_font_weight_tablet":"","ocean_menu_typo_font_weight_mobile":"","ocean_menu_typo_transform":"","ocean_menu_typo_transform_tablet":"","ocean_menu_typo_transform_mobile":"","ocean_menu_typo_line_height":0,"ocean_menu_typo_line_height_tablet":0,"ocean_menu_typo_line_height_mobile":0,"ocean_menu_typo_line_height_unit":"","ocean_menu_typo_spacing":0,"ocean_menu_typo_spacing_tablet":0,"ocean_menu_typo_spacing_mobile":0,"ocean_menu_typo_spacing_unit":"","ocean_menu_link_color":"","ocean_menu_link_color_hover":"","ocean_menu_link_color_active":"","ocean_menu_link_background":"","ocean_menu_link_hover_background":"","ocean_menu_link_active_background":"","ocean_menu_social_links_bg":"","ocean_menu_social_hover_links_bg":"","ocean_menu_social_links_color":"","ocean_menu_social_hover_links_color":"","ocean_disable_title":"on","ocean_disable_heading":"on","ocean_post_title":"","ocean_post_subheading":"","ocean_post_title_style":"","ocean_post_title_background_color":"","ocean_post_title_background":0,"ocean_post_title_bg_image_position":"","ocean_post_title_bg_image_attachment":"","ocean_post_title_bg_image_repeat":"","ocean_post_title_bg_image_size":"","ocean_post_title_height":0,"ocean_post_title_bg_overlay":0.5,"ocean_post_title_bg_overlay_color":"","ocean_disable_breadcrumbs":"off","ocean_breadcrumbs_color":"","ocean_breadcrumbs_separator_color":"","ocean_breadcrumbs_links_color":"","ocean_breadcrumbs_links_hover_color":"","ocean_display_footer_widgets":"default","ocean_display_footer_bottom":"default","ocean_custom_footer_template":"0","footnotes":""},"class_list":["post-100","page","type-page","status-publish","hentry","entry"],"yoast_head":"<!-- This site is optimized with the Yoast SEO plugin v27.5 - https:\/\/yoast.com\/product\/yoast-seo-wordpress\/ -->\n<title>\u00dcber uns - B738 Simulation Crew Training<\/title>\n<meta name=\"robots\" content=\"index, follow, max-snippet:-1, max-image-preview:large, max-video-preview:-1\" \/>\n<link rel=\"canonical\" href=\"https:\/\/www.b738-sct.de\/en\/ueber-uns\/\" \/>\n<meta property=\"og:locale\" content=\"en_US\" \/>\n<meta property=\"og:type\" content=\"article\" \/>\n<meta property=\"og:title\" content=\"\u00dcber uns - B738 Simulation Crew Training\" \/>\n<meta property=\"og:description\" content=\"Wer sind wir? Wer glaubt, dass der Bau eines echten zweitsitzigen Home-Cockpits schon das Ende des &#8222;Wahnsinns&#8220; darstellt, ist schlecht informiert. Wir treiben &#8222;den Wahnsinn&#8220; noch weiter und m\u00f6chten bei der Flugsimulation in unseren Cockpits der realen Verkehrsfliegerei so nahe wie m\u00f6glich kommen.\u00a0 Neben Spa\u00df und Freude an der Simulationstechnik, dem Bau unserer Cockpits und [&hellip;]\" \/>\n<meta property=\"og:url\" content=\"https:\/\/www.b738-sct.de\/en\/ueber-uns\/\" \/>\n<meta property=\"og:site_name\" content=\"B738 Simulation Crew Training\" \/>\n<meta property=\"article:modified_time\" content=\"2026-04-27T15:26:08+00:00\" \/>\n<meta property=\"og:image\" content=\"https:\/\/www.b738-sct.de\/wp-content\/uploads\/2021\/06\/IMG_1747neu-e1624899387425.jpg\" \/>\n<meta name=\"twitter:card\" content=\"summary_large_image\" \/>\n<meta name=\"twitter:label1\" content=\"Est. reading time\" \/>\n\t<meta name=\"twitter:data1\" content=\"4 minutes\" \/>\n<script type=\"application\/ld+json\" class=\"yoast-schema-graph\">{\"@context\":\"https:\\\/\\\/schema.org\",\"@graph\":[{\"@type\":\"WebPage\",\"@id\":\"https:\\\/\\\/www.b738-sct.de\\\/ueber-uns\\\/\",\"url\":\"https:\\\/\\\/www.b738-sct.de\\\/ueber-uns\\\/\",\"name\":\"\u00dcber uns - B738 Simulation Crew Training\",\"isPartOf\":{\"@id\":\"https:\\\/\\\/www.b738-sct.de\\\/#website\"},\"primaryImageOfPage\":{\"@id\":\"https:\\\/\\\/www.b738-sct.de\\\/ueber-uns\\\/#primaryimage\"},\"image\":{\"@id\":\"https:\\\/\\\/www.b738-sct.de\\\/ueber-uns\\\/#primaryimage\"},\"thumbnailUrl\":\"https:\\\/\\\/www.b738-sct.de\\\/wp-content\\\/uploads\\\/2021\\\/06\\\/IMG_1747neu-e1624899387425.jpg\",\"datePublished\":\"2021-05-30T09:12:32+00:00\",\"dateModified\":\"2026-04-27T15:26:08+00:00\",\"breadcrumb\":{\"@id\":\"https:\\\/\\\/www.b738-sct.de\\\/ueber-uns\\\/#breadcrumb\"},\"inLanguage\":\"en-US\",\"potentialAction\":[{\"@type\":\"ReadAction\",\"target\":[\"https:\\\/\\\/www.b738-sct.de\\\/ueber-uns\\\/\"]}]},{\"@type\":\"ImageObject\",\"inLanguage\":\"en-US\",\"@id\":\"https:\\\/\\\/www.b738-sct.de\\\/ueber-uns\\\/#primaryimage\",\"url\":\"https:\\\/\\\/www.b738-sct.de\\\/wp-content\\\/uploads\\\/2021\\\/06\\\/IMG_1747neu-e1624899387425.jpg\",\"contentUrl\":\"https:\\\/\\\/www.b738-sct.de\\\/wp-content\\\/uploads\\\/2021\\\/06\\\/IMG_1747neu-e1624899387425.jpg\"},{\"@type\":\"BreadcrumbList\",\"@id\":\"https:\\\/\\\/www.b738-sct.de\\\/ueber-uns\\\/#breadcrumb\",\"itemListElement\":[{\"@type\":\"ListItem\",\"position\":1,\"name\":\"Startseite\",\"item\":\"https:\\\/\\\/www.b738-sct.de\\\/\"},{\"@type\":\"ListItem\",\"position\":2,\"name\":\"\u00dcber uns\"}]},{\"@type\":\"WebSite\",\"@id\":\"https:\\\/\\\/www.b738-sct.de\\\/#website\",\"url\":\"https:\\\/\\\/www.b738-sct.de\\\/\",\"name\":\"B738 Simulation Crew Training\",\"description\":\"Fliegen wie die Profis\",\"publisher\":{\"@id\":\"https:\\\/\\\/www.b738-sct.de\\\/#organization\"},\"potentialAction\":[{\"@type\":\"SearchAction\",\"target\":{\"@type\":\"EntryPoint\",\"urlTemplate\":\"https:\\\/\\\/www.b738-sct.de\\\/?s={search_term_string}\"},\"query-input\":{\"@type\":\"PropertyValueSpecification\",\"valueRequired\":true,\"valueName\":\"search_term_string\"}}],\"inLanguage\":\"en-US\"},{\"@type\":\"Organization\",\"@id\":\"https:\\\/\\\/www.b738-sct.de\\\/#organization\",\"name\":\"B738 Simulation Crew Training\",\"url\":\"https:\\\/\\\/www.b738-sct.de\\\/\",\"logo\":{\"@type\":\"ImageObject\",\"inLanguage\":\"en-US\",\"@id\":\"https:\\\/\\\/www.b738-sct.de\\\/#\\\/schema\\\/logo\\\/image\\\/\",\"url\":\"https:\\\/\\\/www.b738-sct.de\\\/wp-content\\\/uploads\\\/2021\\\/05\\\/B738-Logo-1.png\",\"contentUrl\":\"https:\\\/\\\/www.b738-sct.de\\\/wp-content\\\/uploads\\\/2021\\\/05\\\/B738-Logo-1.png\",\"width\":492,\"height\":228,\"caption\":\"B738 Simulation Crew Training\"},\"image\":{\"@id\":\"https:\\\/\\\/www.b738-sct.de\\\/#\\\/schema\\\/logo\\\/image\\\/\"}}]}<\/script>\n<!-- \/ Yoast SEO plugin. -->","yoast_head_json":{"title":"\u00dcber uns - B738 Simulation Crew Training","robots":{"index":"index","follow":"follow","max-snippet":"max-snippet:-1","max-image-preview":"max-image-preview:large","max-video-preview":"max-video-preview:-1"},"canonical":"https:\/\/www.b738-sct.de\/en\/ueber-uns\/","og_locale":"en_US","og_type":"article","og_title":"\u00dcber uns - B738 Simulation Crew Training","og_description":"Wer sind wir? Wer glaubt, dass der Bau eines echten zweitsitzigen Home-Cockpits schon das Ende des &#8222;Wahnsinns&#8220; darstellt, ist schlecht informiert. Wir treiben &#8222;den Wahnsinn&#8220; noch weiter und m\u00f6chten bei der Flugsimulation in unseren Cockpits der realen Verkehrsfliegerei so nahe wie m\u00f6glich kommen.\u00a0 Neben Spa\u00df und Freude an der Simulationstechnik, dem Bau unserer Cockpits und [&hellip;]","og_url":"https:\/\/www.b738-sct.de\/en\/ueber-uns\/","og_site_name":"B738 Simulation Crew Training","article_modified_time":"2026-04-27T15:26:08+00:00","og_image":[{"url":"https:\/\/www.b738-sct.de\/wp-content\/uploads\/2021\/06\/IMG_1747neu-e1624899387425.jpg","type":"","width":"","height":""}],"twitter_card":"summary_large_image","twitter_misc":{"Est. reading time":"4 minutes"},"schema":{"@context":"https:\/\/schema.org","@graph":[{"@type":"WebPage","@id":"https:\/\/www.b738-sct.de\/ueber-uns\/","url":"https:\/\/www.b738-sct.de\/ueber-uns\/","name":"\u00dcber uns - B738 Simulation Crew Training","isPartOf":{"@id":"https:\/\/www.b738-sct.de\/#website"},"primaryImageOfPage":{"@id":"https:\/\/www.b738-sct.de\/ueber-uns\/#primaryimage"},"image":{"@id":"https:\/\/www.b738-sct.de\/ueber-uns\/#primaryimage"},"thumbnailUrl":"https:\/\/www.b738-sct.de\/wp-content\/uploads\/2021\/06\/IMG_1747neu-e1624899387425.jpg","datePublished":"2021-05-30T09:12:32+00:00","dateModified":"2026-04-27T15:26:08+00:00","breadcrumb":{"@id":"https:\/\/www.b738-sct.de\/ueber-uns\/#breadcrumb"},"inLanguage":"en-US","potentialAction":[{"@type":"ReadAction","target":["https:\/\/www.b738-sct.de\/ueber-uns\/"]}]},{"@type":"ImageObject","inLanguage":"en-US","@id":"https:\/\/www.b738-sct.de\/ueber-uns\/#primaryimage","url":"https:\/\/www.b738-sct.de\/wp-content\/uploads\/2021\/06\/IMG_1747neu-e1624899387425.jpg","contentUrl":"https:\/\/www.b738-sct.de\/wp-content\/uploads\/2021\/06\/IMG_1747neu-e1624899387425.jpg"},{"@type":"BreadcrumbList","@id":"https:\/\/www.b738-sct.de\/ueber-uns\/#breadcrumb","itemListElement":[{"@type":"ListItem","position":1,"name":"Startseite","item":"https:\/\/www.b738-sct.de\/"},{"@type":"ListItem","position":2,"name":"\u00dcber uns"}]},{"@type":"WebSite","@id":"https:\/\/www.b738-sct.de\/#website","url":"https:\/\/www.b738-sct.de\/","name":"B738 Simulation Crew Training","description":"Fliegen wie die Profis","publisher":{"@id":"https:\/\/www.b738-sct.de\/#organization"},"potentialAction":[{"@type":"SearchAction","target":{"@type":"EntryPoint","urlTemplate":"https:\/\/www.b738-sct.de\/?s={search_term_string}"},"query-input":{"@type":"PropertyValueSpecification","valueRequired":true,"valueName":"search_term_string"}}],"inLanguage":"en-US"},{"@type":"Organization","@id":"https:\/\/www.b738-sct.de\/#organization","name":"B738 Simulation Crew Training","url":"https:\/\/www.b738-sct.de\/","logo":{"@type":"ImageObject","inLanguage":"en-US","@id":"https:\/\/www.b738-sct.de\/#\/schema\/logo\/image\/","url":"https:\/\/www.b738-sct.de\/wp-content\/uploads\/2021\/05\/B738-Logo-1.png","contentUrl":"https:\/\/www.b738-sct.de\/wp-content\/uploads\/2021\/05\/B738-Logo-1.png","width":492,"height":228,"caption":"B738 Simulation Crew Training"},"image":{"@id":"https:\/\/www.b738-sct.de\/#\/schema\/logo\/image\/"}}]}},"_links":{"self":[{"href":"https:\/\/www.b738-sct.de\/en\/wp-json\/wp\/v2\/pages\/100","targetHints":{"allow":["GET"]}}],"collection":[{"href":"https:\/\/www.b738-sct.de\/en\/wp-json\/wp\/v2\/pages"}],"about":[{"href":"https:\/\/www.b738-sct.de\/en\/wp-json\/wp\/v2\/types\/page"}],"author":[{"embeddable":true,"href":"https:\/\/www.b738-sct.de\/en\/wp-json\/wp\/v2\/users\/1"}],"replies":[{"embeddable":true,"href":"https:\/\/www.b738-sct.de\/en\/wp-json\/wp\/v2\/comments?post=100"}],"version-history":[{"count":265,"href":"https:\/\/www.b738-sct.de\/en\/wp-json\/wp\/v2\/pages\/100\/revisions"}],"predecessor-version":[{"id":1469,"href":"https:\/\/www.b738-sct.de\/en\/wp-json\/wp\/v2\/pages\/100\/revisions\/1469"}],"wp:attachment":[{"href":"https:\/\/www.b738-sct.de\/en\/wp-json\/wp\/v2\/media?parent=100"}],"curies":[{"name":"wp","href":"https:\/\/api.w.org\/{rel}","templated":true}]}}